{"id":1400,"date":"2025-09-28T19:36:01","date_gmt":"2025-09-28T17:36:01","guid":{"rendered":"https:\/\/antikhallen567.com\/?page_id=1400"},"modified":"2025-09-28T21:01:05","modified_gmt":"2025-09-28T19:01:05","slug":"impressum","status":"publish","type":"page","link":"https:\/\/antikhallen567.com\/?page_id=1400","title":{"rendered":"Impressum"},"content":{"rendered":"\n<h1 class=\"wp-block-heading font_8 wixui-rich-text__text\">\u00a0Impressum<\/h1>\n\n\n\n<h2 class=\"wp-block-heading font_2 wixui-rich-text__text\"><span class=\"wixui-rich-text__text\">Angaben gem\u00e4\u00df \u00a7 5 TMG:<\/span><\/h2>\n\n\n\n<p class=\"font_8 wixui-rich-text__text\"><span class=\"wixui-rich-text__text\">Antikhallen 5,6,7 Gesellschaft mit beschr\u00e4nkter Haftung<\/span><\/p>\n\n\n\n<p class=\"font_8 wixui-rich-text__text\"><span class=\"wixui-rich-text__text\">Dirnismaning 55<br>85748 Garching<br>Telefon: <a href=\"tel:01714280584\">01714280584<\/a><br>E-Mail: <a href=\"mailto:info@antikhallen567.de\">info@antikhallen567.de<\/a><\/span><br>\u00a0<\/p>\n\n\n\n<p class=\"font_8 wixui-rich-text__text\"><span class=\"wixui-rich-text__text\"><strong>Vertreten durch:<\/strong><br>Gesch\u00e4ftsf\u00fchrerin Angelika Schwab<\/span><br>\u00a0<\/p>\n\n\n\n<p class=\"font_8 wixui-rich-text__text\"><span class=\"wixui-rich-text__text\"><strong>Registereintrag:<\/strong><br>Eingetragen im Handelsregister. Registergericht: Amtsgericht 80333 M\u00fcnchen Registernummer: HRB 273630<\/span><br>\u00a0<\/p>\n\n\n\n<p class=\"font_8 wixui-rich-text__text\"><span class=\"wixui-rich-text__text\"><strong>Umsatzsteuer-ID:<\/strong><br>Umsatzsteuer-Identifikationsnummer nach \u00a727a Umsatzsteuergesetz: DE354112055<br><\/span><\/p>\n\n\n\n<h3 class=\"wp-block-heading font_2 wixui-rich-text__text\"><span class=\"wixui-rich-text__text\">Streitschlichtung<\/span><\/h3>\n\n\n\n<p class=\"font_8 wixui-rich-text__text\"><span class=\"wixui-rich-text__text\">Die Europ\u00e4ische Kommission stellt eine Plattform zur Online-Streitbeilegung (OS) bereit:&nbsp;<a class=\"wixui-rich-text__text\" href=\"https:\/\/ec.europa.eu\/consumers\/odr\" target=\"_blank\" rel=\"noreferrer noopener\">https:\/\/ec.europa.eu\/consumers\/odr<\/a><br class=\"wixui-rich-text__text\">Unsere E-Mail-Adresse finden Sie oben im Impressum.<\/span><\/p>\n\n\n\n<p class=\"font_8 wixui-rich-text__text\"><span class=\"wixui-rich-text__text\">Wir sind nicht bereit oder verpflichtet, an Streitbeilegungsverfahren vor einer Verbraucherschlichtungsstelle teilzunehmen.<\/span><\/p>\n\n\n\n<h3 class=\"wp-block-heading font_8 wixui-rich-text__text\"><span class=\"wixui-rich-text__text\"><span class=\"wixGuard wixui-rich-text__text\">\u200b<\/span>Disclaime<\/span>r<\/h3>\n\n\n\n<p class=\"font_8 wixui-rich-text__text\"><span class=\"wixui-rich-text__text\">Inhalt und Werke dieser Website sind urheberrechtlich gesch\u00fctzt. Trotz h\u00f6chster Sorgfalt kann nicht f\u00fcr die Richtigkeit der wiedergegebenen Informationen oder die permanente technische Erreichbarkeit garantiert werden. Es wird keine Haftung f\u00fcr den Inhalt von extern verlinkten Websites \u00fcbernommen. Auf deren Inhalte haben wir keinen Einfluss und distanzieren uns ausdr\u00fccklich. Sollten Sie dennoch etwas an unseren Seiten zu beanstanden haben, bitten wir um einen einfachen entsprechenden Hinweis, damit wir die Inhalte schnellstm\u00f6glich entfernen k\u00f6nnen.<\/span><\/p>\n\n\n\n<h3 class=\"wp-block-heading font_8 wixui-rich-text__text\"><span class=\"wixui-rich-text__text\"><span class=\"wixGuard wixui-rich-text__text\">\u200b<\/span>Allgemeine Datenschutzerkl\u00e4rung<\/span><\/h3>\n\n\n\n<p class=\"font_8 wixui-rich-text__text\"><span class=\"wixui-rich-text__text\">Durch die Nutzung unserer Website erkl\u00e4ren Sie sich mit der Erhebung, Verarbeitung und Nutzung von Daten gem\u00e4\u00df der nachfolgenden Beschreibung einverstanden. Unsere Website kann grunds\u00e4tzlich ohne Registrierung besucht werden. Dabei werden Daten wie beispielsweise aufgerufene Seiten bzw. Namen der abgerufenen Datei, Datum und Uhrzeit zu statistischen Zwecken auf dem Server gespeichert, ohne dass diese Daten unmittelbar auf Ihre Person bezogen werden. Personenbezogene Daten, insbesondere Name, Adresse oder E-Mail-Adresse werden soweit m\u00f6glich auf freiwilliger Basis erhoben. Ohne Ihre Einwilligung erfolgt keine Weitergabe der Daten an Dritte.<\/span><\/p>\n\n\n\n<h3 class=\"wp-block-heading font_8 wixui-rich-text__text\"><span class=\"wixui-rich-text__text\"><span class=\"wixGuard wixui-rich-text__text\">\u200b<\/span>Datenschutzerkl\u00e4rung f\u00fcr Cookies<\/span><\/h3>\n\n\n\n<p class=\"font_8 wixui-rich-text__text\"><span class=\"wixui-rich-text__text\">Unsere Website verwendet Cookies. Das sind kleine Textdateien, die es m\u00f6glich machen, auf dem Endger\u00e4t des Nutzers spezifische, auf den Nutzer bezogene Informationen zu speichern, w\u00e4hrend er die Website nutzt. Cookies erm\u00f6glichen es, insbesondere Nutzungsh\u00e4ufigkeit und Nutzeranzahl der Seiten zu ermitteln, Verhaltensweisen der Seitennutzung zu analysieren, aber auch unser Angebot kundenfreundlicher zu gestalten. Cookies bleiben \u00fcber das Ende einer Browser-Sitzung gespeichert und k\u00f6nnen bei einem erneuten Seitenbesuch wieder aufgerufen werden. Wenn Sie das nicht w\u00fcnschen, sollten Sie Ihren Internetbrowser so einstellen, dass er die Annahme von Cookies verweigert.<\/span><\/p>\n\n\n\n<h3 class=\"wp-block-heading font_8 wixui-rich-text__text\"><span class=\"wixui-rich-text__text\"><span class=\"wixGuard wixui-rich-text__text\">\u200b<\/span>Datenschutzerkl\u00e4rung f\u00fcr Google Analytics<\/span><\/h3>\n\n\n\n<p class=\"font_8 wixui-rich-text__text\"><span class=\"wixui-rich-text__text\">Unsere Website verwendet Google Analytics, einen Webanalysedienst von Google Inc., 1600 Amphitheatre Parkway, Mountain View, CA 94043, USA. Zur Deaktivierung von Google Analytiscs stellt Google unter&nbsp;<a class=\"wixui-rich-text__text\" href=\"http:\/\/tools.google.com\/dlpage\/gaoptout?hl=de\" target=\"_blank\" rel=\"noopener\" data-auto-recognition=\"true\">http:\/\/tools.google.com\/dlpage\/gaoptout?hl=de<\/a>&nbsp;ein Browser-Plug-In zur Verf\u00fcgung. Google Analytics verwendet Cookies. Das sind kleine Textdateien, die es m\u00f6glich machen, auf dem Endger\u00e4t des Nutzers spezifische, auf den Nutzer bezogene Informationen zu speichern. Diese erm\u00f6glichen eine Analyse der Nutzung unseres Websiteangebotes durch Google. Die durch den Cookie erfassten Informationen \u00fcber die Nutzung unserer Seiten (einschlie\u00dflich Ihrer IP-Adresse) werden in der Regel an einen Server von Google in den USA \u00fcbertragen und dort gespeichert. Wir weisen darauf hin, dass auf dieser Website Google Analytics um den Code \u201egat._anonymizeIp();\u201c erweitert wurde, um eine anonymisierte Erfassung von IP-Adressen (sog. IP-Masking) zu gew\u00e4hrleisten. Ist die Anonymisierung aktiv, k\u00fcrzt Google IP-Adressen innerhalb von Mitgliedstaaten der Europ\u00e4ischen Union oder in anderen Vertragsstaaten des Abkommens \u00fcber den Europ\u00e4ischen Wirtschaftsraum, weswegen keine R\u00fcckschl\u00fcsse auf Ihre Identit\u00e4t m\u00f6glich sind. Nur in Ausnahmef\u00e4llen wird die volle IP-Adresse an einen Server von Google in den USA \u00fcbertragen und dort gek\u00fcrzt. Google beachtet die Datenschutzbestimmungen des \u201ePrivacy Shield\u201c-Abkommens und ist beim \u201ePrivacy Shield\u201c-Programm des US-Handelsministeriums registriert und nutzt die gesammelten Informationen, um die Nutzung unserer Websites auszuwerten, Berichte f\u00fcr uns diesbez\u00fcglich zu verfassen und andere diesbez\u00fcgliche Dienstleistungen an uns zu erbringen. Mehr erfahren Sie unter<a class=\"wixui-rich-text__text\" href=\"https:\/\/www.google.com\/intl\/de\/analytics\/privacyoverview.html\" target=\"_blank\" rel=\"noreferrer noopener\">&nbsp;http:\/\/www.google.com\/intl\/de\/analytics\/privacyoverview.html<\/a>.<\/span><\/p>\n\n\n\n<h3 class=\"wp-block-heading font_8 wixui-rich-text__text\"><span class=\"wixui-rich-text__text\"><span class=\"wixGuard wixui-rich-text__text\">\u200b<\/span>Datenschutzerkl\u00e4rung f\u00fcr Google AdSense<\/span><\/h3>\n\n\n\n<p class=\"font_8 wixui-rich-text__text\"><span class=\"wixui-rich-text__text\">Unsere Website benutzt Google AdSense, einen Dienst zum Einbinden von Werbeanzeigen von Google Inc., 1600 Amphitheatre Parkway, Mountain View, CA 94043, USA. GoogleAdSense verwendet sog. &#8222;Cookies&#8220;, Textdateien, die auf Ihrem Computer gespeichert werden und die eine Analyse der Benutzung der Website erm\u00f6glicht. Google AdSense verwendet auch so genannte Web Beacons (unsichtbare Grafiken). Durch diese Web Beacons k\u00f6nnen Informationen wie der Besucherverkehr auf diesen Seiten ausgewertet werden. Die durch Cookies und Web Beacons erzeugten Informationen \u00fcber die Benutzung dieser Website (einschlie\u00dflich Ihrer IP-Adresse) und Auslieferung von Werbeformaten werden an einen Server von Google in den USA \u00fcbertragen und dort gespeichert. Diese Informationen k\u00f6nnen von Google an Vertragspartner von Google weiter gegeben werden. Google wird Ihre IP-Adresse jedoch nicht mit anderen von Ihnen gespeicherten Daten zusammenf\u00fchren. Sie k\u00f6nnen die Installation der Cookies durch eine entsprechende Einstellung Ihrer Browser Software verhindern; wir weisen Sie jedoch darauf hin, dass Sie in diesem Fall gegebenenfalls nicht s\u00e4mtliche Funktionen dieser Website voll umf\u00e4nglich nutzen k\u00f6nnen. Durch die Nutzung dieser Website erkl\u00e4ren Sie sich mit der Bearbeitung der \u00fcber Sie erhobenen Daten durch Google in der zuvor beschriebenen Art und Weise und zu dem zuvor benannten Zweck einverstanden.<\/span><\/p>\n\n\n\n<h3 class=\"wp-block-heading font_8 wixui-rich-text__text\"><span class=\"wixui-rich-text__text\"><span class=\"wixGuard wixui-rich-text__text\">\u200b<\/span>Datenschutzerkl\u00e4rung f\u00fcr Facebook<\/span><\/h3>\n\n\n\n<p class=\"font_8 wixui-rich-text__text\"><span class=\"wixui-rich-text__text\">Unsere Website verwendet Funktionen von Facebook Inc., 1601 S. California Ave, Palo Alto, CA 94304, USA . Bei Aufruf unserer Seiten mit Facebook-Plug-Ins wird eine Verbindung zwischen Ihrem Browser und den Servern von Facebook aufgebaut. Dabei werden bereits Daten an Facebook \u00fcbertragen. Besitzen Sie einen Facebook-Account, k\u00f6nnen diese Daten damit verkn\u00fcpft werden. Wenn Sie keine Zuordnung dieser Daten zu Ihrem Facebook-Account w\u00fcnschen, loggen Sie sich bitte vor dem Besuch unserer Seite bei Facebook aus. Interaktionen, insbesondere das Nutzen einer Kommentarfunktion oder das Anklicken eines \u201eLike\u201c- oder \u201eTeilen\u201c-Buttons werden ebenfalls an Facebook weitergegeben. Mehr erfahren Sie unter&nbsp;<a class=\"wixui-rich-text__text\" href=\"https:\/\/de-de.facebook.com\/about\/privacy\" target=\"_blank\" rel=\"noreferrer noopener\">https:\/\/de-de.facebook.com\/about\/privacy<\/a>.<\/span><\/p>\n\n\n\n<p><\/p>\n","protected":false},"excerpt":{"rendered":"<p>\u00a0Impressum Angaben gem\u00e4\u00df \u00a7 5 TMG: Antikhallen 5,6,7 Gesellschaft mit beschr\u00e4nkter Haftung Dirnismaning 5585748 GarchingTelefon: 01714280584E-Mail: info@antikhallen567.de\u00a0 Vertreten durch:Gesch\u00e4ftsf\u00fchrerin Angelika [&hellip;]<\/p>\n","protected":false},"author":1,"featured_media":0,"parent":0,"menu_order":0,"comment_status":"closed","ping_status":"closed","template":"","meta":{"_uag_custom_page_level_css":"","site-sidebar-layout":"default","site-content-layout":"","ast-site-content-layout":"default","site-content-style":"default","site-sidebar-style":"default","ast-global-header-display":"","ast-banner-title-visibility":"","ast-main-header-display":"","ast-hfb-above-header-display":"","ast-hfb-below-header-display":"","ast-hfb-mobile-header-display":"","site-post-title":"","ast-breadcrumbs-content":"","ast-featured-img":"","footer-sml-layout":"","theme-transparent-header-meta":"","adv-header-id-meta":"","stick-header-meta":"","header-above-stick-meta":"","header-main-stick-meta":"","header-below-stick-meta":"","astra-migrate-meta-layouts":"default","ast-page-background-enabled":"default","ast-page-background-meta":{"desktop":{"background-color":"var(--ast-global-color-4)","background-image":"","background-repeat":"repeat","background-position":"center center","background-size":"auto","background-attachment":"scroll","background-type":"","background-media":"","overlay-type":"","overlay-color":"","overlay-opacity":"","overlay-gradient":""},"tablet":{"background-color":"","background-image":"","background-repeat":"repeat","background-position":"center center","background-size":"auto","background-attachment":"scroll","background-type":"","background-media":"","overlay-type":"","overlay-color":"","overlay-opacity":"","overlay-gradient":""},"mobile":{"background-color":"","background-image":"","background-repeat":"repeat","background-position":"center center","background-size":"auto","background-attachment":"scroll","background-type":"","background-media":"","overlay-type":"","overlay-color":"","overlay-opacity":"","overlay-gradient":""}},"ast-content-background-meta":{"desktop":{"background-color":"var(--ast-global-color-5)","background-image":"","background-repeat":"repeat","background-position":"center center","background-size":"auto","background-attachment":"scroll","background-type":"","background-media":"","overlay-type":"","overlay-color":"","overlay-opacity":"","overlay-gradient":""},"tablet":{"background-color":"var(--ast-global-color-5)","background-image":"","background-repeat":"repeat","background-position":"center center","background-size":"auto","background-attachment":"scroll","background-type":"","background-media":"","overlay-type":"","overlay-color":"","overlay-opacity":"","overlay-gradient":""},"mobile":{"background-color":"var(--ast-global-color-5)","background-image":"","background-repeat":"repeat","background-position":"center center","background-size":"auto","background-attachment":"scroll","background-type":"","background-media":"","overlay-type":"","overlay-color":"","overlay-opacity":"","overlay-gradient":""}},"_themeisle_gutenberg_block_has_review":false,"footnotes":""},"class_list":["post-1400","page","type-page","status-publish","hentry"],"uagb_featured_image_src":{"full":false,"thumbnail":false,"medium":false,"medium_large":false,"large":false,"1536x1536":false,"2048x2048":false},"uagb_author_info":{"display_name":"Erol","author_link":"https:\/\/antikhallen567.com\/author\/erol"},"uagb_comment_info":0,"uagb_excerpt":"\u00a0Impressum Angaben gem\u00e4\u00df \u00a7 5 TMG: Antikhallen 5,6,7 Gesellschaft mit beschr\u00e4nkter Haftung Dirnismaning 5585748 GarchingTelefon: 01714280584E-Mail: info@antikhallen567.de\u00a0 Vertreten durch:Gesch\u00e4ftsf\u00fchrerin Angelika [&hellip;]","_links":{"self":[{"href":"https:\/\/antikhallen567.com\/index.php?rest_route=\/wp\/v2\/pages\/1400","targetHints":{"allow":["GET"]}}],"collection":[{"href":"https:\/\/antikhallen567.com\/index.php?rest_route=\/wp\/v2\/pages"}],"about":[{"href":"https:\/\/antikhallen567.com\/index.php?rest_route=\/wp\/v2\/types\/page"}],"author":[{"embeddable":true,"href":"https:\/\/antikhallen567.com\/index.php?rest_route=\/wp\/v2\/users\/1"}],"replies":[{"embeddable":true,"href":"https:\/\/antikhallen567.com\/index.php?rest_route=%2Fwp%2Fv2%2Fcomments&post=1400"}],"version-history":[{"count":3,"href":"https:\/\/antikhallen567.com\/index.php?rest_route=\/wp\/v2\/pages\/1400\/revisions"}],"predecessor-version":[{"id":1415,"href":"https:\/\/antikhallen567.com\/index.php?rest_route=\/wp\/v2\/pages\/1400\/revisions\/1415"}],"wp:attachment":[{"href":"https:\/\/antikhallen567.com\/index.php?rest_route=%2Fwp%2Fv2%2Fmedia&parent=1400"}],"curies":[{"name":"wp","href":"https:\/\/api.w.org\/{rel}","templated":true}]}}