{"id":1416,"date":"2025-09-28T21:10:55","date_gmt":"2025-09-28T19:10:55","guid":{"rendered":"https:\/\/antikhallen567.com\/?page_id=1416"},"modified":"2025-09-28T21:10:56","modified_gmt":"2025-09-28T19:10:56","slug":"oeffnungszeiten","status":"publish","type":"page","link":"https:\/\/antikhallen567.com\/?page_id=1416","title":{"rendered":"\u00d6ffnungszeiten"},"content":{"rendered":"\n<h1 class=\"wp-block-heading\">\u00d6ffnungszeiten<\/h1>\n\n\n\n<div class=\"wp-block-uagb-container uagb-block-bd640609 alignfull uagb-is-root-container\"><div class=\"uagb-container-inner-blocks-wrap\">\n<h2 class=\"wp-block-heading\"><strong>Unsere \u00d6ffnungszeiten:<\/strong><\/h2>\n\n\n\n<p>Montag, Dienstag\u00a0 \u00a0 \u00a0 \u00a0 \u00a0 \u00a0 \u00a0 \u00a0 geschlossen<\/p>\n\n\n\n<p>Mittwoch \u00a0 \u00a0 \u00a0 \u00a0 \u00a0 \u00a0 \u00a0 \u00a0 \u00a0 \u00a0 \u00a0 \u00a0 \u00a0 \u00a0 \u00a0 \u00a0 \u00a0 \u00a0 \u00a0  14-19 Uhr<br>Donnerstag \u00a0 \u00a0 \u00a0 \u00a0 \u00a0 \u00a0 \u00a0 \u00a0 \u00a0 \u00a0 \u00a0 \u00a0 \u00a0 \u00a0 \u00a0 \u00a0 14-19 Uhr<br>Freitag \u00a0 \u00a0 \u00a0 \u00a0 \u00a0 \u00a0 \u00a0 \u00a0 \u00a0 \u00a0 \u00a0 \u00a0 \u00a0 \u00a0 \u00a0 \u00a0 \u00a0 \u00a0 \u00a0 \u00a0 \u00a0\u00a0    14-19 Uhr<br>Samstag \u00a0 \u00a0 \u00a0 \u00a0 \u00a0 \u00a0 \u00a0 \u00a0 \u00a0 \u00a0 \u00a0 \u00a0 \u00a0 \u00a0 \u00a0 \u00a0 \u00a0 \u00a0 \u00a0 \u00a0  10-18 Uhr<br>Sonntag \u00a0 \u00a0 \u00a0 \u00a0 \u00a0 \u00a0 \u00a0 \u00a0 \u00a0 \u00a0 \u00a0 \u00a0 \u00a0 \u00a0 \u00a0 \u00a0 \u00a0 \u00a0 \u00a0 \u00a0   geschlossen\u00a0 \u00a0 \u00a0<br>\u00a0<\/p>\n\n\n\n<p>aber Sie k\u00f6nnen auch gerne au\u00dferhalb unserer \u00d6ffnungszeiten\u00a0mit uns telefonisch einen Termin vereinbaren<\/p>\n\n\n\n<h3 class=\"wp-block-heading\">Rufen Sie einfach an:\u00a0<a href=\"tel:+491714280584\">+491714280584<\/a>\u00a0oder\u00a0<a href=\"https:\/\/antikhallen567.com\/?page_id=1247\">schreiben Sie uns einfach<\/a><br><\/h3>\n<\/div><\/div>\n\n\n\n<p><\/p>\n","protected":false},"excerpt":{"rendered":"<p>\u00d6ffnungszeiten Unsere \u00d6ffnungszeiten: Montag, Dienstag\u00a0 \u00a0 \u00a0 \u00a0 \u00a0 \u00a0 \u00a0 \u00a0 geschlossen Mittwoch \u00a0 \u00a0 \u00a0 \u00a0 \u00a0 \u00a0 [&hellip;]<\/p>\n","protected":false},"author":1,"featured_media":0,"parent":0,"menu_order":0,"comment_status":"closed","ping_status":"closed","template":"","meta":{"_uag_custom_page_level_css":"","site-sidebar-layout":"default","site-content-layout":"","ast-site-content-layout":"default","site-content-style":"default","site-sidebar-style":"default","ast-global-header-display":"","ast-banner-title-visibility":"","ast-main-header-display":"","ast-hfb-above-header-display":"","ast-hfb-below-header-display":"","ast-hfb-mobile-header-display":"","site-post-title":"disabled","ast-breadcrumbs-content":"","ast-featured-img":"","footer-sml-layout":"","theme-transparent-header-meta":"","adv-header-id-meta":"","stick-header-meta":"","header-above-stick-meta":"","header-main-stick-meta":"","header-below-stick-meta":"","astra-migrate-meta-layouts":"default","ast-page-background-enabled":"default","ast-page-background-meta":{"desktop":{"background-color":"var(--ast-global-color-4)","background-image":"","background-repeat":"repeat","background-position":"center center","background-size":"auto","background-attachment":"scroll","background-type":"","background-media":"","overlay-type":"","overlay-color":"","overlay-opacity":"","overlay-gradient":""},"tablet":{"background-color":"","background-image":"","background-repeat":"repeat","background-position":"center center","background-size":"auto","background-attachment":"scroll","background-type":"","background-media":"","overlay-type":"","overlay-color":"","overlay-opacity":"","overlay-gradient":""},"mobile":{"background-color":"","background-image":"","background-repeat":"repeat","background-position":"center center","background-size":"auto","background-attachment":"scroll","background-type":"","background-media":"","overlay-type":"","overlay-color":"","overlay-opacity":"","overlay-gradient":""}},"ast-content-background-meta":{"desktop":{"background-color":"var(--ast-global-color-5)","background-image":"","background-repeat":"repeat","background-position":"center center","background-size":"auto","background-attachment":"scroll","background-type":"","background-media":"","overlay-type":"","overlay-color":"","overlay-opacity":"","overlay-gradient":""},"tablet":{"background-color":"var(--ast-global-color-5)","background-image":"","background-repeat":"repeat","background-position":"center center","background-size":"auto","background-attachment":"scroll","background-type":"","background-media":"","overlay-type":"","overlay-color":"","overlay-opacity":"","overlay-gradient":""},"mobile":{"background-color":"var(--ast-global-color-5)","background-image":"","background-repeat":"repeat","background-position":"center center","background-size":"auto","background-attachment":"scroll","background-type":"","background-media":"","overlay-type":"","overlay-color":"","overlay-opacity":"","overlay-gradient":""}},"_themeisle_gutenberg_block_has_review":false,"footnotes":""},"class_list":["post-1416","page","type-page","status-publish","hentry"],"uagb_featured_image_src":{"full":false,"thumbnail":false,"medium":false,"medium_large":false,"large":false,"1536x1536":false,"2048x2048":false},"uagb_author_info":{"display_name":"Erol","author_link":"https:\/\/antikhallen567.com\/author\/erol"},"uagb_comment_info":0,"uagb_excerpt":"\u00d6ffnungszeiten Unsere \u00d6ffnungszeiten: Montag, Dienstag\u00a0 \u00a0 \u00a0 \u00a0 \u00a0 \u00a0 \u00a0 \u00a0 geschlossen Mittwoch \u00a0 \u00a0 \u00a0 \u00a0 \u00a0 \u00a0 [&hellip;]","_links":{"self":[{"href":"https:\/\/antikhallen567.com\/index.php?rest_route=\/wp\/v2\/pages\/1416","targetHints":{"allow":["GET"]}}],"collection":[{"href":"https:\/\/antikhallen567.com\/index.php?rest_route=\/wp\/v2\/pages"}],"about":[{"href":"https:\/\/antikhallen567.com\/index.php?rest_route=\/wp\/v2\/types\/page"}],"author":[{"embeddable":true,"href":"https:\/\/antikhallen567.com\/index.php?rest_route=\/wp\/v2\/users\/1"}],"replies":[{"embeddable":true,"href":"https:\/\/antikhallen567.com\/index.php?rest_route=%2Fwp%2Fv2%2Fcomments&post=1416"}],"version-history":[{"count":1,"href":"https:\/\/antikhallen567.com\/index.php?rest_route=\/wp\/v2\/pages\/1416\/revisions"}],"predecessor-version":[{"id":1418,"href":"https:\/\/antikhallen567.com\/index.php?rest_route=\/wp\/v2\/pages\/1416\/revisions\/1418"}],"wp:attachment":[{"href":"https:\/\/antikhallen567.com\/index.php?rest_route=%2Fwp%2Fv2%2Fmedia&parent=1416"}],"curies":[{"name":"wp","href":"https:\/\/api.w.org\/{rel}","templated":true}]}}